{"id":2,"date":"2023-02-16T14:42:52","date_gmt":"2023-02-16T14:42:52","guid":{"rendered":"http:\/\/www.kokkointeractive.fi\/?page_id=2"},"modified":"2023-03-20T09:07:42","modified_gmt":"2023-03-20T07:07:42","slug":"sample-page","status":"publish","type":"page","link":"http:\/\/www.kokkointeractive.fi\/","title":{"rendered":"Moi! Hejd\u00e5! Hi!"},"content":{"rendered":"\n<p>Kokko Interactive on pieni ja ketter\u00e4 digitoimisto Kokkolasta. Tarjoan apua mikro- ja pk-yrityksille digimarkkinointiin sek\u00e4 toiminnan ja palveluiden tehostamiseen erilaisilla digiratkaisuilla.<\/p>\n\n\n\n<p>Minulta et voi hankkia monimutkaisia ja pitki\u00e4 konsultointiprosesseja, vaan katsotaan yrityksenne kehitt\u00e4mistarpeet yhdess\u00e4 ja muutetaan toimintaa samantien kannattavammaksi. <\/p>\n\n\n\n<h2>Palvelut<\/h2>\n\n\n\n<div class=\"is-layout-flex wp-container-3 wp-block-columns\">\n<div class=\"is-layout-flow wp-block-column\">\n<p>Digipalvelut<\/p>\n\n\n\n<ul>\n<li>Sosiaalisen median kampanjoiden suunnittelu ja toteutus -avaimet k\u00e4teen periaatteella\n<ul>\n<li>Materiaalien suunnittelu ja taitto<\/li>\n\n\n\n<li>Valokuvaus ja videokuvaus<\/li>\n\n\n\n<li>360-kuvaus ja VR-sis\u00e4lt\u00f6jen rakentaminen<\/li>\n<\/ul>\n<\/li>\n\n\n\n<li>Verkkopalvelujen toteutus ja kehitt\u00e4minen\n<ul>\n<li>Verkkosivut<\/li>\n\n\n\n<li>Verkkokauppa<\/li>\n<\/ul>\n<\/li>\n<\/ul>\n<\/div>\n\n\n\n<div class=\"is-layout-flow wp-block-column\">\n<p>Toiminnan ja palveluiden tehostaminen<\/p>\n\n\n\n<ul>\n<li>Yrityksen ilmainen digikartoitus\n<ul>\n<li>Katsotaan yhdess\u00e4 yrityksesi digiratkaisujen tilanne, jonka j\u00e4lkeen teen yrityksellesi toimenpide-ehdotukset.<\/li>\n<\/ul>\n<\/li>\n\n\n\n<li>Palvelumuotoilu (Service Design)\n<ul>\n<li>Kehitet\u00e4\u00e4n yrityksenne liiketoimintaa k\u00e4ytt\u00e4j\u00e4l\u00e4ht\u00f6isesti <\/li>\n<\/ul>\n<\/li>\n\n\n\n<li>Yhteiskehitt\u00e4misen ty\u00f6pajat (co-creation)<\/li>\n\n\n\n<li>Data ja rajapinnat liiketoiminnan kehitt\u00e4misess\u00e4<\/li>\n\n\n\n<li>Alustatalous ja ekosysteemit liiketoiminnassa<\/li>\n<\/ul>\n<\/div>\n<\/div>\n\n\n\n<figure class=\"wp-block-embed is-type-video is-provider-youtube wp-block-embed-youtube wp-embed-aspect-16-9 wp-has-aspect-ratio\"><div class=\"wp-block-embed__wrapper\">\n<iframe loading=\"lazy\" title=\"Kokko Interactive showreel 2020\" width=\"1200\" height=\"675\" src=\"https:\/\/www.youtube.com\/embed\/qG2pyeoHEBo?start=1&#038;feature=oembed\" frameborder=\"0\" allow=\"accelerometer; autoplay; clipboard-write; encrypted-media; gyroscope; picture-in-picture; web-share\" allowfullscreen><\/iframe>\n<\/div><\/figure>\n\n\n\n<div class=\"wp-block-media-text alignwide is-stacked-on-mobile\"><figure class=\"wp-block-media-text__media\"><\/figure><div class=\"wp-block-media-text__content\">\n<p><\/p>\n<\/div><\/div>\n\n\n<!--noptimize-->\n        <script type=\"text\/javascript\">\n         var cp_hourbk_cancel_label = 'Cancel';\n         var cp_hourbk_quantity_label = 'Quantity';\n         var cp_hourbk_cost_label = 'Cost';\n         var cp_hourbk_overlapping_label = 'Selected time is no longer available. Please select a different time.';\n         var cp_hourbk_nomore_label = 'No more slots available.';\n         var cp_hourbk_avoid_overlapping = 0;\n         var apphboverbooking_handler0 = false;\n         function cp_appbooking_pform_doValidate_1(form)\n         {\n            try { if (document.cp_appbooking_pform_1.cp_appbooking_pform_status.value == '1') return false; } catch (e) {}\n            $dexQuery = jQuery.noConflict();\n            try { document.cp_appbooking_pform_1.cp_ref_page.value = document.location; } catch (e) {}\n            $dexQuery = jQuery.noConflict();            {\n                var cpefb_error = 0;\n                $dexQuery(\"#cp_appbooking_pform_1\").find(\".cpefb_error\").each(function(index){\n                if ($dexQuery(this).css(\"display\")!=\"none\")\n                    cpefb_error++;\n                });\n                if (cpefb_error==0)\n                {\n                    if (!apphboverbooking_handler0)\n                    {\n                        try { document.cp_appbooking_pform_1.cp_appbooking_pform_status.value = '1';\t } catch (e) {}\n                        apphbblink_1(\".pbSubmit:visible\");\n                        $dexQuery(\"#cp_appbooking_pform_1\").find(\".avoid_overlapping_before\").not(\".ignore,.ignorepb\").removeClass(\"avoid_overlapping_before\").removeClass(\"valid\").addClass(\"avoid_overlapping\");\n                        cp_hourbk_avoid_overlapping = 1;\n                        try {\n                            $dexQuery(\"#cp_appbooking_pform_1\").find(\".avoid_overlapping\").valid();\n                        } catch (e) { cp_hourbk_avoid_overlapping = 0; }\n                        function check_cp_hourbk_avoid_overlapping(){\n\t\t                    if (cp_hourbk_avoid_overlapping>0)\n\t\t                        setTimeout(check_cp_hourbk_avoid_overlapping,100);\n\t\t                    else\n\t\t                    {\n                                var cpefb_error = 0;\n                                $dexQuery(\"#cp_appbooking_pform_1\").find(\".cpefb_error\").each(function(index){\n                                    if ($dexQuery(this).css(\"display\")!=\"none\")\n                                        cpefb_error++;\n                                    });\n                                try { document.cp_appbooking_pform_1.cp_appbooking_pform_status.value = '0';\t } catch (e) {}\n                                if (cpefb_error==0)\n                                {\n                                    apphboverbooking_handler0 = true;\n                                    if (cp_appbooking_pform_doValidate_1(form))\n                                    {\n                                        $dexQuery( \".pbSubmit\" ).unbind();\n                                        if ($dexQuery( \".pbSubmit\" ).hasClass(\"nofirst\"))\n                                            return false;\n                                        $dexQuery( \".pbSubmit\" ).addClass(\"nofirst\");\n                                        document.getElementById(\"cp_appbooking_pform_1\").submit();\n                                    }\n                                }\n\t\t                    }\n\t\t                }\n\t\t                check_cp_hourbk_avoid_overlapping();\n                        return false;\n                    }\n                    \t        \t\t$dexQuery(\"#cp_appbooking_pform_1\").find( '.ignore' ).closest( '.fields' ).remove();\n\t        \t}\n\t        \tdocument.getElementById(\"form_structure_1\").value = '';\n\t        \tdocument.getElementById(\"refpage_1\").value = document.location;\n                try {\n                    if (cpefb_error==0)\n                    {\n                        document.cp_appbooking_pform_1.cp_appbooking_pform_status.value = '1';\n                        apphbblink_1(\".pbSubmit\");\n                    }\n                } catch (e) {}\n                return true;\n            }\n         }\n         function apphbblink_1(selector){\n             try {\n                 $dexQuery = jQuery.noConflict();\n                 $dexQuery(selector).fadeOut(1000, function(){\n                     $dexQuery(this).fadeIn(1000, function(){\n                             try {\n                                 if (document.cp_appbooking_pform_1.cp_appbooking_pform_status.value != '0')\n                                     apphbblink_1(this);\n                             } catch (e) { console.log(e)}\n                     });\n                 });\n             } catch (e) {}\n         }\n         function cp_appbooking_cerror_1(){$dexQuery = jQuery.noConflict();$dexQuery(\"#hdcaptcha_error_1\").css('top',$dexQuery(\"#hdcaptcha_cp_appbooking_post_1\").outerHeight());$dexQuery(\"#hdcaptcha_error_1\").css(\"display\",\"inline\");}\n        <\/script><!--\/noptimize-->\n        <link rel='stylesheet' media=\"all\" href=\"http:\/\/www.kokkointeractive.fi\/wp-content\/plugins\/appointment-hour-booking\/templates\/09\/style.css\" type=\"text\/css\" \/><form class=\"cpp_form\" name=\"cp_appbooking_pform_1\" id=\"cp_appbooking_pform_1\" action=\"\" method=\"post\" enctype=\"multipart\/form-data\" onsubmit=\"return cp_appbooking_pform_doValidate_1(this);\"><input type=\"hidden\" name=\"cp_pform_psequence\" value=\"_1\" \/><input type=\"hidden\" name=\"cp_appbooking_pform_process\" value=\"1\" \/><input type=\"hidden\" name=\"cp_appbooking_id\" value=\"2\" \/><input type=\"hidden\" name=\"cp_ref_page\" value=\"\" \/><input type=\"hidden\" name=\"form_structure_1\" id=\"form_structure_1\" size=\"180\" value=\"[[{&quot;form_identifier&quot;:&quot;&quot;,&quot;name&quot;:&quot;fieldname1&quot;,&quot;shortlabel&quot;:&quot;&quot;,&quot;index&quot;:0,&quot;ftype&quot;:&quot;fapp&quot;,&quot;userhelp&quot;:&quot;&quot;,&quot;userhelpTooltip&quot;:&quot;&quot;,&quot;csslayout&quot;:&quot;&quot;,&quot;title&quot;:&quot;Varaa ilmainen konsultointitunti verkossa&quot;,&quot;services&quot;:[{&quot;name&quot;:&quot;Tapaaminen&quot;,&quot;price&quot;:1,&quot;capacity&quot;:1,&quot;duration&quot;:60,&quot;pb&quot;:0,&quot;pa&quot;:0,&quot;ohindex&quot;:0,&quot;idx&quot;:1}],&quot;openhours&quot;:[],&quot;allOH&quot;:[{&quot;name&quot;:&quot;Default&quot;,&quot;openhours&quot;:[{&quot;type&quot;:&quot;all&quot;,&quot;d&quot;:&quot;&quot;,&quot;h1&quot;:8,&quot;m1&quot;:0,&quot;h2&quot;:&quot;16&quot;,&quot;m2&quot;:&quot;0&quot;}]}],&quot;dateFormat&quot;:&quot;dd.mm.yy&quot;,&quot;showDropdown&quot;:false,&quot;showTotalCost&quot;:false,&quot;showTotalCostFormat&quot;:&quot;$ {0}&quot;,&quot;showEndTime&quot;:false,&quot;showQuantity&quot;:false,&quot;usedSlotsCheckbox&quot;:false,&quot;avoidOverlaping&quot;:true,&quot;emptySelectCheckbox&quot;:false,&quot;emptySelect&quot;:&quot;-- Please select service --&quot;,&quot;dropdownRange&quot;:&quot;-10:+10&quot;,&quot;working_dates&quot;:[false,true,true,true,true,true,false],&quot;numberOfMonths&quot;:1,&quot;maxNumberOfApp&quot;:0,&quot;firstDay&quot;:&quot;1&quot;,&quot;minDate&quot;:&quot;0&quot;,&quot;maxDate&quot;:&quot;&quot;,&quot;defaultDate&quot;:&quot;&quot;,&quot;invalidDates&quot;:&quot;&quot;,&quot;tmpinvalidDates&quot;:&quot;&quot;,&quot;required&quot;:true,&quot;bSlotsCheckbox&quot;:true,&quot;bSlots&quot;:30,&quot;militaryTime&quot;:1,&quot;autonum&quot;:1,&quot;autonumStaff&quot;:0,&quot;fBuild&quot;:{},&quot;special_days&quot;:[],&quot;minDateTmp&quot;:&quot;0&quot;,&quot;getMinDate&quot;:{},&quot;tmpinvalidDatestime&quot;:[]},{&quot;form_identifier&quot;:&quot;&quot;,&quot;name&quot;:&quot;fieldname2&quot;,&quot;shortlabel&quot;:&quot;&quot;,&quot;index&quot;:1,&quot;ftype&quot;:&quot;ftext&quot;,&quot;userhelp&quot;:&quot;&quot;,&quot;userhelpTooltip&quot;:&quot;&quot;,&quot;csslayout&quot;:&quot;&quot;,&quot;title&quot;:&quot;Nimi&quot;,&quot;predefined&quot;:&quot;&quot;,&quot;predefinedClick&quot;:false,&quot;required&quot;:true,&quot;size&quot;:&quot;medium&quot;,&quot;minlength&quot;:&quot;2&quot;,&quot;maxlength&quot;:&quot;&quot;,&quot;equalTo&quot;:&quot;&quot;,&quot;fBuild&quot;:{}},{&quot;form_identifier&quot;:&quot;&quot;,&quot;name&quot;:&quot;fieldname3&quot;,&quot;shortlabel&quot;:&quot;&quot;,&quot;index&quot;:2,&quot;ftype&quot;:&quot;ftext&quot;,&quot;userhelp&quot;:&quot;&quot;,&quot;userhelpTooltip&quot;:&quot;&quot;,&quot;csslayout&quot;:&quot;&quot;,&quot;title&quot;:&quot;Yritys&quot;,&quot;predefined&quot;:&quot;&quot;,&quot;predefinedClick&quot;:false,&quot;required&quot;:true,&quot;size&quot;:&quot;medium&quot;,&quot;minlength&quot;:&quot;2&quot;,&quot;maxlength&quot;:&quot;&quot;,&quot;equalTo&quot;:&quot;&quot;,&quot;fBuild&quot;:{}},{&quot;form_identifier&quot;:&quot;&quot;,&quot;name&quot;:&quot;email&quot;,&quot;shortlabel&quot;:&quot;&quot;,&quot;index&quot;:3,&quot;ftype&quot;:&quot;femail&quot;,&quot;userhelp&quot;:&quot;&quot;,&quot;userhelpTooltip&quot;:&quot;&quot;,&quot;csslayout&quot;:&quot;&quot;,&quot;title&quot;:&quot;S\\u00e4hk\\u00f6postiosoite&quot;,&quot;predefined&quot;:&quot;&quot;,&quot;predefinedClick&quot;:false,&quot;required&quot;:true,&quot;size&quot;:&quot;medium&quot;,&quot;equalTo&quot;:&quot;&quot;,&quot;fBuild&quot;:{}},{&quot;fBuild&quot;:{},&quot;name&quot;:&quot;fieldname4&quot;,&quot;index&quot;:4,&quot;title&quot;:&quot;Lis\\u00e4tietoa&quot;,&quot;form_identifier&quot;:&quot;&quot;,&quot;shortlabel&quot;:&quot;&quot;,&quot;ftype&quot;:&quot;ftext&quot;,&quot;userhelp&quot;:&quot;&quot;,&quot;userhelpTooltip&quot;:&quot;&quot;,&quot;csslayout&quot;:&quot;&quot;,&quot;predefined&quot;:&quot;&quot;,&quot;predefinedClick&quot;:false,&quot;required&quot;:false,&quot;size&quot;:&quot;medium&quot;,&quot;minlength&quot;:&quot;&quot;,&quot;maxlength&quot;:&quot;&quot;,&quot;equalTo&quot;:&quot;&quot;}],[{&quot;title&quot;:&quot;&quot;,&quot;description&quot;:&quot;&quot;,&quot;formlayout&quot;:&quot;top_aligned&quot;,&quot;formtemplate&quot;:&quot;ahb_m3&quot;,&quot;evalequations&quot;:1,&quot;autocomplete&quot;:1,&quot;autofocus&quot;:false}]]\" \/><input type=\"hidden\" name=\"refpage_1\" id=\"refpage_1\" value=\"\"><input type=\"hidden\" name=\"cp_appbooking_pform_status\" value=\"0\" \/><input name=\"anonce\" type=\"hidden\" value=\"17c34a6d99\"\/> \r\n<div id=\"fbuilder\">    \r\n    <div id=\"fbuilder_1\">\r\n        <div id=\"formheader_1\"><\/div>\r\n        <div id=\"fieldlist_1\"><\/div>\r\n    <\/div>\r\n<\/div>    \r\n<div style=\"display:none\">\r\n<div id=\"cpcaptchalayer_1\" class=\"cpcaptchalayer\">\r\n <div class=\"fields\" id=\"field-c0\" style=\"display:none\">\r\n    <label><\/label>\r\n    <div class=\"dfield\"><!--addons-payment-options--><\/div>\r\n    <div class=\"clearer\"><\/div>\r\n <\/div>\r\n<!-- rcadon -->\r\n<\/div>\r\n<\/div>\r\n<div id=\"cp_subbtn_1\" class=\"cp_subbtn\">Submit<\/div>\r\n<div style=\"clear:both;\"><\/div>\r\n<\/form>\r\n","protected":false},"excerpt":{"rendered":"<p>Kokko Interactive on pieni ja ketter\u00e4 digitoimisto Kokkolasta. Tarjoan apua mikro- ja pk-yrityksille digimarkkinointiin sek\u00e4 toiminnan ja palveluiden tehostamiseen erilaisilla digiratkaisuilla. Minulta et voi hankkia monimutkaisia ja pitki\u00e4 konsultointiprosesseja, vaan katsotaan yrityksenne kehitt\u00e4mistarpeet yhdess\u00e4 ja muutetaan toimintaa samantien kannattavammaksi. Palvelut Digipalvelut Toiminnan ja palveluiden tehostaminen<\/p>\n","protected":false},"author":1,"featured_media":0,"parent":0,"menu_order":0,"comment_status":"closed","ping_status":"open","template":"","meta":[],"_links":{"self":[{"href":"http:\/\/www.kokkointeractive.fi\/index.php\/wp-json\/wp\/v2\/pages\/2"}],"collection":[{"href":"http:\/\/www.kokkointeractive.fi\/index.php\/wp-json\/wp\/v2\/pages"}],"about":[{"href":"http:\/\/www.kokkointeractive.fi\/index.php\/wp-json\/wp\/v2\/types\/page"}],"author":[{"embeddable":true,"href":"http:\/\/www.kokkointeractive.fi\/index.php\/wp-json\/wp\/v2\/users\/1"}],"replies":[{"embeddable":true,"href":"http:\/\/www.kokkointeractive.fi\/index.php\/wp-json\/wp\/v2\/comments?post=2"}],"version-history":[{"count":32,"href":"http:\/\/www.kokkointeractive.fi\/index.php\/wp-json\/wp\/v2\/pages\/2\/revisions"}],"predecessor-version":[{"id":122,"href":"http:\/\/www.kokkointeractive.fi\/index.php\/wp-json\/wp\/v2\/pages\/2\/revisions\/122"}],"wp:attachment":[{"href":"http:\/\/www.kokkointeractive.fi\/index.php\/wp-json\/wp\/v2\/media?parent=2"}],"curies":[{"name":"wp","href":"https:\/\/api.w.org\/{rel}","templated":true}]}}