{"id":38,"date":"2023-02-16T17:50:36","date_gmt":"2023-02-16T15:50:36","guid":{"rendered":"http:\/\/www.kokkointeractive.fi\/?page_id=38"},"modified":"2023-03-20T09:34:26","modified_gmt":"2023-03-20T07:34:26","slug":"referenssit","status":"publish","type":"page","link":"http:\/\/www.kokkointeractive.fi\/index.php\/referenssit\/","title":{"rendered":"Referenssit"},"content":{"rendered":"\n<p><strong>Kokkolan Kokoomuksen kuntavaalikampanja<\/strong><\/p>\n\n\n\n<ul>\n<li>Sosiaalinen media<\/li>\n\n\n\n<li>Videotuotanto<\/li>\n\n\n\n<li>Livel\u00e4hetykset Facebookissa<\/li>\n<\/ul>\n\n\n\n<figure class=\"wp-block-embed alignleft is-type-video is-provider-youtube wp-block-embed-youtube wp-embed-aspect-4-3 wp-has-aspect-ratio\"><div class=\"wp-block-embed__wrapper\">\n<iframe loading=\"lazy\" title=\"Kokkolan Kokoomuksen ajatuksia hyvinvoinnin kehitt\u00e4miseen Kokkolassa.\" width=\"1200\" height=\"900\" src=\"https:\/\/www.youtube.com\/embed\/Z4-adx5W4OU?feature=oembed\" frameborder=\"0\" allow=\"accelerometer; autoplay; clipboard-write; encrypted-media; gyroscope; picture-in-picture; web-share\" allowfullscreen><\/iframe>\n<\/div><\/figure>\n\n\n\n<p><\/p>\n\n\n\n<p><\/p>\n\n\n\n<p><\/p>\n\n\n\n<div class=\"wp-block-media-text alignwide is-stacked-on-mobile\"><figure class=\"wp-block-media-text__media\"><img decoding=\"async\" loading=\"lazy\" width=\"1024\" height=\"893\" src=\"http:\/\/www.kokkointeractive.fi\/wp-content\/uploads\/2023\/03\/valokuvaus-1-1024x893.jpg\" alt=\"\" class=\"wp-image-136 size-full\" srcset=\"http:\/\/www.kokkointeractive.fi\/wp-content\/uploads\/2023\/03\/valokuvaus-1-1024x893.jpg 1024w, http:\/\/www.kokkointeractive.fi\/wp-content\/uploads\/2023\/03\/valokuvaus-1-300x262.jpg 300w, http:\/\/www.kokkointeractive.fi\/wp-content\/uploads\/2023\/03\/valokuvaus-1-768x670.jpg 768w, http:\/\/www.kokkointeractive.fi\/wp-content\/uploads\/2023\/03\/valokuvaus-1.jpg 1412w\" sizes=\"(max-width: 1024px) 100vw, 1024px\" \/><\/figure><div class=\"wp-block-media-text__content\">\n<p><strong>Valokuvaus (henkil\u00f6kuvaus ja tuotekuvaus)<\/strong><\/p>\n\n\n\n<ul>\n<li>Asiakkaita yksityishenkil\u00f6t, KPMG Suomi Oy<\/li>\n<\/ul>\n<\/div><\/div>\n\n\n\n<p><strong>Janne Jukkolan vaalilehden taittoty\u00f6<\/strong><\/p>\n\n\n\n<iframe loading=\"lazy\" style=\"border: 1px solid #777;\" src=\"https:\/\/indd.adobe.com\/embed\/2a450146-0b72-4162-8090-15b63b96d06c?startpage=1&amp;allowFullscreen=true\" width=\"650px\" height=\"460px\" frameborder=\"0\" allowfullscreen=\"\"><\/iframe>\n\n\n\n<p><strong>Palvelumuotoilu<\/strong><\/p>\n\n\n\n<ul>\n<li>Laihian kunta, teknisen toimen rakennusprosessin kehitt\u00e4minen<\/li>\n<\/ul>\n\n\n\n<p><strong>Ty\u00f6pajat, co-creation<\/strong><\/p>\n\n\n\n<ul>\n<li>Valkeakosken kaupunki, strategiaty\u00f6n fasilitointi ja ty\u00f6pajat yhdess\u00e4 luottamushenkil\u00f6iden ja virkahenkil\u00f6st\u00f6n sek\u00e4 kolmannen sektorin kanssa (ty\u00f6nantaja HAMK)<\/li>\n<\/ul>\n\n\n\n<p><strong>Koulutukset ja luennot<\/strong><\/p>\n\n\n\n<ul>\n<li>Kymmeni\u00e4 koulutussarjoja koulutusteknologiasta, sosiaalisesta mediasta ja ty\u00f6el\u00e4m\u00e4n transformaatiosta.<\/li>\n<\/ul>\n","protected":false},"excerpt":{"rendered":"<p>Kokkolan Kokoomuksen kuntavaalikampanja Janne Jukkolan vaalilehden taittoty\u00f6 Palvelumuotoilu Ty\u00f6pajat, co-creation Koulutukset ja luennot<\/p>\n","protected":false},"author":1,"featured_media":0,"parent":0,"menu_order":0,"comment_status":"closed","ping_status":"closed","template":"","meta":[],"_links":{"self":[{"href":"http:\/\/www.kokkointeractive.fi\/index.php\/wp-json\/wp\/v2\/pages\/38"}],"collection":[{"href":"http:\/\/www.kokkointeractive.fi\/index.php\/wp-json\/wp\/v2\/pages"}],"about":[{"href":"http:\/\/www.kokkointeractive.fi\/index.php\/wp-json\/wp\/v2\/types\/page"}],"author":[{"embeddable":true,"href":"http:\/\/www.kokkointeractive.fi\/index.php\/wp-json\/wp\/v2\/users\/1"}],"replies":[{"embeddable":true,"href":"http:\/\/www.kokkointeractive.fi\/index.php\/wp-json\/wp\/v2\/comments?post=38"}],"version-history":[{"count":17,"href":"http:\/\/www.kokkointeractive.fi\/index.php\/wp-json\/wp\/v2\/pages\/38\/revisions"}],"predecessor-version":[{"id":147,"href":"http:\/\/www.kokkointeractive.fi\/index.php\/wp-json\/wp\/v2\/pages\/38\/revisions\/147"}],"wp:attachment":[{"href":"http:\/\/www.kokkointeractive.fi\/index.php\/wp-json\/wp\/v2\/media?parent=38"}],"curies":[{"name":"wp","href":"https:\/\/api.w.org\/{rel}","templated":true}]}}